{"id":1188,"date":"2024-05-27T08:15:49","date_gmt":"2024-05-27T08:15:49","guid":{"rendered":"http:\/\/zenvisit.org\/?page_id=1188"},"modified":"2025-02-28T17:10:40","modified_gmt":"2025-02-28T16:10:40","slug":"privacy-policy","status":"publish","type":"page","link":"https:\/\/zenvisit.org\/en\/privacy-policy\/","title":{"rendered":"Privacy policy"},"content":{"rendered":"<div data-elementor-type=\"wp-page\" data-elementor-id=\"1188\" class=\"elementor elementor-1188\" data-elementor-post-type=\"page\">\n\t\t\t\t<div class=\"has_eae_slider elementor-element elementor-element-9f096af e-flex e-con-boxed e-con e-parent\" data-eae-slider=\"30498\" data-id=\"9f096af\" data-element_type=\"container\" data-e-type=\"container\">\n\t\t\t\t\t<div class=\"e-con-inner\">\n\t\t\t\t<div class=\"elementor-element elementor-element-736294b elementor-widget elementor-widget-text-editor\" data-id=\"736294b\" data-element_type=\"widget\" data-e-type=\"widget\" data-widget_type=\"text-editor.default\">\n\t\t\t\t<div class=\"elementor-widget-container\">\n\t\t\t\t\t\t\t\t\t<h2>Who we are<\/h2><p>Our website address is : <a href=\"http:\/\/zenvisit.org\/en\/\">http:\/\/zenvisit.org<\/a>.<\/p><hr \/><h2>Participation in affiliate programs<\/h2><p>This site participates in affiliate programs that allow you to earn money by linking to products and services offered by affiliated partners.<\/p><p>As part of these programs, third-party cookies may be used to track clicks and sales generated via affiliate links on this site. These cookies collect anonymous data and do not identify you personally.<\/p><p>For more information on the use of cookies and your rights, please consult the section dedicated to cookies in this policy.<\/p><hr \/><h2>Comments<\/h2><p>When visitors leave comments on the site, we collect the data contained in the comment form, as well as the visitor's IP address and the browser's user agent string to facilitate spam detection.<\/p><p>An anonymous string created from your e-mail address (also called a \"hash\") may be provided to the Gravatar service to verify your use of it. The Gravatar privacy policy is available here : <a href=\"https:\/\/automattic.com\/privacy\/\">https:\/\/automattic.com\/privacy\/<\/a>. Once your comment has been approved, your profile photo is visible to the public in the context of your comment.<\/p><hr \/><h2>Media<\/h2><p>If you upload images to the website, you should avoid uploading images containing location data (EXIF GPS). Visitors to the website can download and extract all location data from images on the website.<\/p><h2>Cookies<\/h2><p>If you leave a comment on our site, you may agree to have your name, e-mail address and website stored in cookies. These cookies are intended to make things easier for you, so that you don't have to provide your details again when you leave another comment. These cookies have a lifetime of one year.<\/p><p>If you visit our login page, we will set a temporary cookie to determine whether your browser accepts cookies. This cookie contains no personal data and is deleted when you close your browser.<\/p><p>When you log in, we also set several cookies to record your login information and your screen display choices. Login cookies have a lifetime of two days, and screen option cookies have a lifetime of one year. If you select the \"Remember me\" option, your connection will be retained for two weeks. If you log out of your account, the login cookies will be deleted.<\/p><p>If you modify or publish an article, an additional cookie will be stored in your browser. This cookie contains no personal data and simply indicates the ID of the article you have just modified. It expires after one day.<\/p><hr \/><h2>Integrated content from other websites<\/h2><p>Articles on this site may contain embedded content (e.g. videos, images, articles, etc.). Embedded content from other websites behaves in exactly the same way as if the visitor had visited the other website.<\/p><p>These websites may collect data about you, use cookies, integrate additional tracking by third parties and monitor your interaction with such integrated content, including your interaction with integrated content if you have an account and are logged in to this website.<\/p><hr \/><h2>With whom do we share your data?<\/h2><p>If you request a password reset, your IP address will be included in the reset e-mail.<\/p><hr \/><h2>Data retention period<\/h2><p>If you leave a comment, it and its metadata are kept indefinitely. This allows us to automatically recognize and approve subsequent comments instead of keeping them in a moderation queue.<\/p><p>For users who register on our website (where applicable), we also store the personal information they provide in their user profile. All users can view, modify or delete their personal information at any time (except that they cannot change their username). Website administrators can also view and modify this information.<\/p><hr \/><h2>What are your rights regarding your data?<\/h2><p>If you have an account on this site or have left comments, you may request to receive an exported file of the personal data we hold about you, including any data you have provided to us. You can also ask us to delete any personal data we hold about you. This does not include data that we are obliged to retain for administrative, legal or security purposes.<\/p><hr \/><h2>Where is your data sent?<\/h2><p>Visitor comments can be checked by an automated spam detection service.<\/p>\t\t\t\t\t\t\t\t<\/div>\n\t\t\t\t<\/div>\n\t\t\t\t\t<\/div>\n\t\t\t\t<\/div>\n\t\t\t\t<\/div>","protected":false},"excerpt":{"rendered":"<p>Qui sommes-nous ? L&rsquo;adresse de notre site web est : http:\/\/zenvisit.org. Participation \u00e0 des programmes d\u2019affiliation Ce site participe \u00e0 des programmes d\u2019affiliation qui permettent de percevoir une r\u00e9mun\u00e9ration gr\u00e2ce \u00e0 des liens vers des produits et services propos\u00e9s par des partenaires affili\u00e9s. Dans le cadre de ces programmes, des cookies tiers peuvent \u00eatre utilis\u00e9s [&hellip;]<\/p>\n","protected":false},"author":1,"featured_media":0,"parent":0,"menu_order":0,"comment_status":"closed","ping_status":"closed","template":"","meta":{"_seopress_robots_primary_cat":"","_seopress_titles_title":"","_seopress_titles_desc":"","_seopress_robots_index":"","_uag_custom_page_level_css":"","footnotes":""},"class_list":["post-1188","page","type-page","status-publish","hentry"],"spectra_custom_meta":{"_elementor_edit_mode":["builder"],"_elementor_template_type":["wp-page"],"_elementor_version":["3.27.6"],"_elementor_pro_version":["3.27.4"],"_edit_lock":["1740762829:1"],"_wp_page_template":["default"],"_elementor_data":["[{\"id\":\"9f096af\",\"elType\":\"container\",\"settings\":{\"flex_direction\":\"column\",\"display_condition_list\":[{\"display_condition_login_status\":\"subscriber\",\"_id\":\"d98156c\"}],\"boxed_width\":{\"unit\":\"px\",\"size\":1440,\"sizes\":[]},\"eae_slider_delay\":\"5000\",\"gradient_color_list\":[{\"eae_animated_gradient_color\":\"#00a6d8\",\"_id\":\"c927130\"},{\"eae_animated_gradient_color\":\"#b800c9\",\"_id\":\"e529f73\"},{\"eae_animated_gradient_color\":\"#e57600\",\"_id\":\"e8352f8\"}],\"padding\":{\"unit\":\"rem\",\"top\":\"0\",\"right\":\"1.5\",\"bottom\":\"0\",\"left\":\"1.5\",\"isLinked\":false},\"padding_tablet\":{\"unit\":\"rem\",\"top\":\"\",\"right\":\"\",\"bottom\":\"\",\"left\":\"\",\"isLinked\":true},\"padding_mobile\":{\"unit\":\"rem\",\"top\":\"\",\"right\":\"\",\"bottom\":\"\",\"left\":\"\",\"isLinked\":true}},\"elements\":[{\"id\":\"736294b\",\"elType\":\"widget\",\"settings\":{\"editor\":\"<h2>Qui sommes-nous ?<\\\/h2><p>L'adresse de notre site web est : <a href=\\\"http:\\\/\\\/zenvisit.org\\\">http:\\\/\\\/zenvisit.org<\\\/a>.<\\\/p><hr \\\/><h2>Participation \\u00e0 des programmes d\\u2019affiliation<\\\/h2><p>Ce site participe \\u00e0 des programmes d\\u2019affiliation qui permettent de percevoir une r\\u00e9mun\\u00e9ration gr\\u00e2ce \\u00e0 des liens vers des produits et services propos\\u00e9s par des partenaires affili\\u00e9s.<\\\/p><p>Dans le cadre de ces programmes, des cookies tiers peuvent \\u00eatre utilis\\u00e9s pour suivre les clics et les ventes g\\u00e9n\\u00e9r\\u00e9es via les liens affili\\u00e9s pr\\u00e9sents sur ce site. Ces cookies collectent des donn\\u00e9es anonymes et ne permettent pas de vous identifier personnellement.<\\\/p><p>Pour plus d\\u2019informations sur l\\u2019utilisation des cookies et sur vos droits, veuillez consulter la section d\\u00e9di\\u00e9e aux cookies dans cette politique.<\\\/p><hr \\\/><h2>Commentaires<\\\/h2><p>Lorsque des visiteurs laissent des commentaires sur le site, nous recueillons les donn\\u00e9es figurant dans le formulaire de commentaires, ainsi que l'adresse IP du visiteur et la cha\\u00eene de l'agent utilisateur du navigateur pour faciliter la d\\u00e9tection des spams.<\\\/p><p>Une cha\\u00eene anonyme cr\\u00e9\\u00e9e \\u00e0 partir de votre adresse \\u00e9lectronique (\\u00e9galement appel\\u00e9e \\\"hash\\\") peut \\u00eatre fournie au service Gravatar pour v\\u00e9rifier si vous l'utilisez. La politique de confidentialit\\u00e9 du service Gravatar est disponible ici : <a href=\\\"https:\\\/\\\/automattic.com\\\/privacy\\\/\\\">https:\\\/\\\/automattic.com\\\/privacy\\\/<\\\/a>. Apr\\u00e8s approbation de votre commentaire, votre photo de profil est visible par le public dans le contexte de votre commentaire.<\\\/p><hr \\\/><h2>M\\u00e9dias<\\\/h2><p>Si vous t\\u00e9l\\u00e9chargez des images sur le site web, vous devez \\u00e9viter de t\\u00e9l\\u00e9charger des images contenant des donn\\u00e9es de localisation (EXIF GPS). Les visiteurs du site web peuvent t\\u00e9l\\u00e9charger et extraire toutes les donn\\u00e9es de localisation des images sur le site web.<\\\/p><h2>Cookies<\\\/h2><p>Si vous laissez un commentaire sur notre site, vous pouvez accepter que votre nom, votre adresse \\u00e9lectronique et votre site web soient enregistr\\u00e9s dans des cookies. Ces cookies sont destin\\u00e9s \\u00e0 vous faciliter la t\\u00e2che, de sorte que vous n'ayez pas \\u00e0 fournir \\u00e0 nouveau vos coordonn\\u00e9es lorsque vous laissez un autre commentaire. Ces cookies ont une dur\\u00e9e de vie d'un an.<\\\/p><p>Si vous visitez notre page de connexion, nous installerons un cookie temporaire pour d\\u00e9terminer si votre navigateur accepte les cookies. Ce cookie ne contient aucune donn\\u00e9e personnelle et est supprim\\u00e9 lorsque vous fermez votre navigateur.<\\\/p><p>Lorsque vous vous connectez, nous installons \\u00e9galement plusieurs cookies pour enregistrer vos informations de connexion et vos choix d'affichage \\u00e0 l'\\u00e9cran. Les cookies de connexion ont une dur\\u00e9e de vie de deux jours et les cookies d'options d'\\u00e9cran ont une dur\\u00e9e de vie d'un an. Si vous s\\u00e9lectionnez l'option \\\"Se souvenir de moi\\\", votre connexion sera conserv\\u00e9e pendant deux semaines. Si vous vous d\\u00e9connectez de votre compte, les cookies de connexion seront supprim\\u00e9s.<\\\/p><p>Si vous modifiez ou publiez un article, un cookie suppl\\u00e9mentaire sera enregistr\\u00e9 dans votre navigateur. Ce cookie ne contient aucune donn\\u00e9e personnelle et indique simplement l'ID de l'article que vous venez de modifier. Il expire au bout d'un jour.<\\\/p><hr \\\/><h2>Contenu int\\u00e9gr\\u00e9 d'autres sites web<\\\/h2><p>Les articles de ce site peuvent contenir du contenu int\\u00e9gr\\u00e9 (par exemple des vid\\u00e9os, des images, des articles, etc.). Le contenu int\\u00e9gr\\u00e9 provenant d'autres sites web se comporte exactement de la m\\u00eame mani\\u00e8re que si le visiteur avait visit\\u00e9 l'autre site web.<\\\/p><p>Ces sites web peuvent collecter des donn\\u00e9es vous concernant, utiliser des cookies, int\\u00e9grer un suivi suppl\\u00e9mentaire par des tiers et surveiller votre interaction avec ce contenu int\\u00e9gr\\u00e9, y compris votre interaction avec le contenu int\\u00e9gr\\u00e9 si vous avez un compte et que vous \\u00eates connect\\u00e9 \\u00e0 ce site web.<\\\/p><hr \\\/><h2>Avec qui partageons-nous vos donn\\u00e9es ?<\\\/h2><p>Si vous demandez une r\\u00e9initialisation de votre mot de passe, votre adresse IP sera incluse dans l'e-mail de r\\u00e9initialisation.<\\\/p><hr \\\/><h2>Dur\\u00e9e de conservation des donn\\u00e9es<\\\/h2><p>Si vous laissez un commentaire, celui-ci et ses m\\u00e9tadonn\\u00e9es sont conserv\\u00e9s ind\\u00e9finiment. Cela nous permet de reconna\\u00eetre et d'approuver automatiquement les commentaires ult\\u00e9rieurs au lieu de les conserver dans une file d'attente de mod\\u00e9ration.<\\\/p><p>Pour les utilisateurs qui s'inscrivent sur notre site web (le cas \\u00e9ch\\u00e9ant), nous stockons \\u00e9galement les informations personnelles qu'ils fournissent dans leur profil d'utilisateur. Tous les utilisateurs peuvent voir, modifier ou supprimer leurs informations personnelles \\u00e0 tout moment (sauf qu'ils ne peuvent pas changer leur nom d'utilisateur). Les administrateurs du site web peuvent \\u00e9galement consulter et modifier ces informations.<\\\/p><hr \\\/><h2>Quels sont vos droits sur vos donn\\u00e9es ?<\\\/h2><p>Si vous avez un compte sur ce site ou si vous avez laiss\\u00e9 des commentaires, vous pouvez demander \\u00e0 recevoir un fichier export\\u00e9 des donn\\u00e9es personnelles que nous d\\u00e9tenons \\u00e0 votre sujet, y compris toutes les donn\\u00e9es que vous nous avez fournies. Vous pouvez \\u00e9galement nous demander d'effacer toutes les donn\\u00e9es personnelles que nous d\\u00e9tenons \\u00e0 votre sujet. Cela n'inclut pas les donn\\u00e9es que nous sommes oblig\\u00e9s de conserver \\u00e0 des fins administratives, juridiques ou de s\\u00e9curit\\u00e9.<\\\/p><hr \\\/><h2>O\\u00f9 vos donn\\u00e9es sont-elles envoy\\u00e9es ?<\\\/h2><p>Les commentaires des visiteurs peuvent \\u00eatre v\\u00e9rifi\\u00e9s par un service automatis\\u00e9 de d\\u00e9tection des spams.<\\\/p>\",\"display_condition_list\":[{\"display_condition_login_status\":\"subscriber\",\"_id\":\"4be9e93\"}]},\"elements\":[],\"widgetType\":\"text-editor\"}],\"isInner\":false}]"],"_trp_automatically_translated_slug_en_US":["privacy-policy"],"_trp_automatically_translated_slug_de_DE":["datenschutzrichtlinie"],"_yoast_indexnow_last_ping":["1728057180"],"_yoast_wpseo_content_score":["30"],"_yoast_wpseo_focuskeywords":[""],"_yoast_wpseo_keywordsynonyms":[""],"_yoast_wpseo_estimated-reading-time-minutes":["3"],"_elementor_controls_usage":["a:2:{s:11:\"text-editor\";a:3:{s:5:\"count\";i:1;s:15:\"control_percent\";i:1;s:8:\"controls\";a:1:{s:7:\"content\";a:2:{s:14:\"section_editor\";a:1:{s:6:\"editor\";i:1;}s:26:\"display_conditions_section\";a:1:{s:22:\"display_condition_list\";i:1;}}}}s:9:\"container\";a:3:{s:5:\"count\";i:1;s:15:\"control_percent\";i:1;s:8:\"controls\";a:1:{s:7:\"content\";a:2:{s:26:\"display_conditions_section\";a:1:{s:22:\"display_condition_list\";i:1;}s:21:\"eae_animated_gradient\";a:1:{s:19:\"gradient_color_list\";i:1;}}}}}"],"_uag_css_file_name":["uag-css-1188.css"],"_uag_page_assets":["a:9:{s:3:\"css\";s:263:\".uag-blocks-common-selector{z-index:var(--z-index-desktop) !important}@media (max-width: 976px){.uag-blocks-common-selector{z-index:var(--z-index-tablet) !important}}@media (max-width: 767px){.uag-blocks-common-selector{z-index:var(--z-index-mobile) !important}}\n\";s:2:\"js\";s:0:\"\";s:18:\"current_block_list\";a:7:{i:0;s:11:\"core\/search\";i:1;s:10:\"core\/group\";i:2;s:12:\"core\/heading\";i:3;s:17:\"core\/latest-posts\";i:4;s:20:\"core\/latest-comments\";i:5;s:13:\"core\/archives\";i:6;s:15:\"core\/categories\";}s:8:\"uag_flag\";b:0;s:11:\"uag_version\";s:10:\"1774979465\";s:6:\"gfonts\";a:1:{s:7:\"Default\";a:2:{s:10:\"fontfamily\";s:7:\"Default\";s:12:\"fontvariants\";a:0:{}}}s:10:\"gfonts_url\";s:71:\"\/\/fonts.googleapis.com\/css?family=Default&subset=latin&display=fallback\";s:12:\"gfonts_files\";a:0:{}s:14:\"uag_faq_layout\";b:0;}"],"_elementor_page_assets":["a:1:{s:7:\"scripts\";a:1:{i:0;s:18:\"elementor-frontend\";}}"],"_elementor_css":["a:7:{s:4:\"time\";i:1775507422;s:5:\"fonts\";a:0:{}s:5:\"icons\";a:0:{}s:20:\"dynamic_elements_ids\";a:0:{}s:6:\"status\";s:6:\"inline\";i:0;s:0:\"\";s:3:\"css\";s:454:\".elementor-1188 .elementor-element.elementor-element-9f096af{--display:flex;--flex-direction:column;--container-widget-width:100%;--container-widget-height:initial;--container-widget-flex-grow:0;--container-widget-align-self:initial;--flex-wrap-mobile:wrap;--padding-top:0rem;--padding-bottom:0rem;--padding-left:1.5rem;--padding-right:1.5rem;}@media(min-width:768px){.elementor-1188 .elementor-element.elementor-element-9f096af{--content-width:1440px;}}\";}"],"_elementor_element_cache":["{\"timeout\":1775601022,\"value\":{\"content\":\"<div class=\\\"has_eae_slider elementor-element elementor-element-9f096af e-flex e-con-boxed e-con e-parent\\\" data-eae-slider=\\\"30498\\\" data-id=\\\"9f096af\\\" data-element_type=\\\"container\\\" data-e-type=\\\"container\\\">\\n\\t\\t\\t\\t\\t<div class=\\\"e-con-inner\\\">\\n\\t\\t[elementor-element k=\\\"6e3c8471fe9bf405b3f799d12097d083\\\" data=\\\"eyJpZCI6IjczNjI5NGIiLCJlbFR5cGUiOiJ3aWRnZXQiLCJzZXR0aW5ncyI6eyJlZGl0b3IiOiI8aDI+UXVpIHNvbW1lcy1ub3VzID88XC9oMj48cD5MJ2FkcmVzc2UgZGUgbm90cmUgc2l0ZSB3ZWIgZXN0IDogPGEgaHJlZj1cImh0dHA6XC9cL3plbnZpc2l0Lm9yZ1wiPmh0dHA6XC9cL3plbnZpc2l0Lm9yZzxcL2E+LjxcL3A+PGhyIFwvPjxoMj5QYXJ0aWNpcGF0aW9uIFx1MDBlMCBkZXMgcHJvZ3JhbW1lcyBkXHUyMDE5YWZmaWxpYXRpb248XC9oMj48cD5DZSBzaXRlIHBhcnRpY2lwZSBcdTAwZTAgZGVzIHByb2dyYW1tZXMgZFx1MjAxOWFmZmlsaWF0aW9uIHF1aSBwZXJtZXR0ZW50IGRlIHBlcmNldm9pciB1bmUgclx1MDBlOW11blx1MDBlOXJhdGlvbiBnclx1MDBlMmNlIFx1MDBlMCBkZXMgbGllbnMgdmVycyBkZXMgcHJvZHVpdHMgZXQgc2VydmljZXMgcHJvcG9zXHUwMGU5cyBwYXIgZGVzIHBhcnRlbmFpcmVzIGFmZmlsaVx1MDBlOXMuPFwvcD48cD5EYW5zIGxlIGNhZHJlIGRlIGNlcyBwcm9ncmFtbWVzLCBkZXMgY29va2llcyB0aWVycyBwZXV2ZW50IFx1MDBlYXRyZSB1dGlsaXNcdTAwZTlzIHBvdXIgc3VpdnJlIGxlcyBjbGljcyBldCBsZXMgdmVudGVzIGdcdTAwZTluXHUwMGU5clx1MDBlOWVzIHZpYSBsZXMgbGllbnMgYWZmaWxpXHUwMGU5cyBwclx1MDBlOXNlbnRzIHN1ciBjZSBzaXRlLiBDZXMgY29va2llcyBjb2xsZWN0ZW50IGRlcyBkb25uXHUwMGU5ZXMgYW5vbnltZXMgZXQgbmUgcGVybWV0dGVudCBwYXMgZGUgdm91cyBpZGVudGlmaWVyIHBlcnNvbm5lbGxlbWVudC48XC9wPjxwPlBvdXIgcGx1cyBkXHUyMDE5aW5mb3JtYXRpb25zIHN1ciBsXHUyMDE5dXRpbGlzYXRpb24gZGVzIGNvb2tpZXMgZXQgc3VyIHZvcyBkcm9pdHMsIHZldWlsbGV6IGNvbnN1bHRlciBsYSBzZWN0aW9uIGRcdTAwZTlkaVx1MDBlOWUgYXV4IGNvb2tpZXMgZGFucyBjZXR0ZSBwb2xpdGlxdWUuPFwvcD48aHIgXC8+PGgyPkNvbW1lbnRhaXJlczxcL2gyPjxwPkxvcnNxdWUgZGVzIHZpc2l0ZXVycyBsYWlzc2VudCBkZXMgY29tbWVudGFpcmVzIHN1ciBsZSBzaXRlLCBub3VzIHJlY3VlaWxsb25zIGxlcyBkb25uXHUwMGU5ZXMgZmlndXJhbnQgZGFucyBsZSBmb3JtdWxhaXJlIGRlIGNvbW1lbnRhaXJlcywgYWluc2kgcXVlIGwnYWRyZXNzZSBJUCBkdSB2aXNpdGV1ciBldCBsYSBjaGFcdTAwZWVuZSBkZSBsJ2FnZW50IHV0aWxpc2F0ZXVyIGR1IG5hdmlnYXRldXIgcG91ciBmYWNpbGl0ZXIgbGEgZFx1MDBlOXRlY3Rpb24gZGVzIHNwYW1zLjxcL3A+PHA+VW5lIGNoYVx1MDBlZW5lIGFub255bWUgY3JcdTAwZTlcdTAwZTllIFx1MDBlMCBwYXJ0aXIgZGUgdm90cmUgYWRyZXNzZSBcdTAwZTlsZWN0cm9uaXF1ZSAoXHUwMGU5Z2FsZW1lbnQgYXBwZWxcdTAwZTllIFwiaGFzaFwiKSBwZXV0IFx1MDBlYXRyZSBmb3VybmllIGF1IHNlcnZpY2UgR3JhdmF0YXIgcG91ciB2XHUwMGU5cmlmaWVyIHNpIHZvdXMgbCd1dGlsaXNlei4gTGEgcG9saXRpcXVlIGRlIGNvbmZpZGVudGlhbGl0XHUwMGU5IGR1IHNlcnZpY2UgR3JhdmF0YXIgZXN0IGRpc3BvbmlibGUgaWNpIDogPGEgaHJlZj1cImh0dHBzOlwvXC9hdXRvbWF0dGljLmNvbVwvcHJpdmFjeVwvXCI+aHR0cHM6XC9cL2F1dG9tYXR0aWMuY29tXC9wcml2YWN5XC88XC9hPi4gQXByXHUwMGU4cyBhcHByb2JhdGlvbiBkZSB2b3RyZSBjb21tZW50YWlyZSwgdm90cmUgcGhvdG8gZGUgcHJvZmlsIGVzdCB2aXNpYmxlIHBhciBsZSBwdWJsaWMgZGFucyBsZSBjb250ZXh0ZSBkZSB2b3RyZSBjb21tZW50YWlyZS48XC9wPjxociBcLz48aDI+TVx1MDBlOWRpYXM8XC9oMj48cD5TaSB2b3VzIHRcdTAwZTlsXHUwMGU5Y2hhcmdleiBkZXMgaW1hZ2VzIHN1ciBsZSBzaXRlIHdlYiwgdm91cyBkZXZleiBcdTAwZTl2aXRlciBkZSB0XHUwMGU5bFx1MDBlOWNoYXJnZXIgZGVzIGltYWdlcyBjb250ZW5hbnQgZGVzIGRvbm5cdTAwZTllcyBkZSBsb2NhbGlzYXRpb24gKEVYSUYgR1BTKS4gTGVzIHZpc2l0ZXVycyBkdSBzaXRlIHdlYiBwZXV2ZW50IHRcdTAwZTlsXHUwMGU5Y2hhcmdlciBldCBleHRyYWlyZSB0b3V0ZXMgbGVzIGRvbm5cdTAwZTllcyBkZSBsb2NhbGlzYXRpb24gZGVzIGltYWdlcyBzdXIgbGUgc2l0ZSB3ZWIuPFwvcD48aDI+Q29va2llczxcL2gyPjxwPlNpIHZvdXMgbGFpc3NleiB1biBjb21tZW50YWlyZSBzdXIgbm90cmUgc2l0ZSwgdm91cyBwb3V2ZXogYWNjZXB0ZXIgcXVlIHZvdHJlIG5vbSwgdm90cmUgYWRyZXNzZSBcdTAwZTlsZWN0cm9uaXF1ZSBldCB2b3RyZSBzaXRlIHdlYiBzb2llbnQgZW5yZWdpc3RyXHUwMGU5cyBkYW5zIGRlcyBjb29raWVzLiBDZXMgY29va2llcyBzb250IGRlc3Rpblx1MDBlOXMgXHUwMGUwIHZvdXMgZmFjaWxpdGVyIGxhIHRcdTAwZTJjaGUsIGRlIHNvcnRlIHF1ZSB2b3VzIG4nYXlleiBwYXMgXHUwMGUwIGZvdXJuaXIgXHUwMGUwIG5vdXZlYXUgdm9zIGNvb3Jkb25uXHUwMGU5ZXMgbG9yc3F1ZSB2b3VzIGxhaXNzZXogdW4gYXV0cmUgY29tbWVudGFpcmUuIENlcyBjb29raWVzIG9udCB1bmUgZHVyXHUwMGU5ZSBkZSB2aWUgZCd1biBhbi48XC9wPjxwPlNpIHZvdXMgdmlzaXRleiBub3RyZSBwYWdlIGRlIGNvbm5leGlvbiwgbm91cyBpbnN0YWxsZXJvbnMgdW4gY29va2llIHRlbXBvcmFpcmUgcG91ciBkXHUwMGU5dGVybWluZXIgc2kgdm90cmUgbmF2aWdhdGV1ciBhY2NlcHRlIGxlcyBjb29raWVzLiBDZSBjb29raWUgbmUgY29udGllbnQgYXVjdW5lIGRvbm5cdTAwZTllIHBlcnNvbm5lbGxlIGV0IGVzdCBzdXBwcmltXHUwMGU5IGxvcnNxdWUgdm91cyBmZXJtZXogdm90cmUgbmF2aWdhdGV1ci48XC9wPjxwPkxvcnNxdWUgdm91cyB2b3VzIGNvbm5lY3Rleiwgbm91cyBpbnN0YWxsb25zIFx1MDBlOWdhbGVtZW50IHBsdXNpZXVycyBjb29raWVzIHBvdXIgZW5yZWdpc3RyZXIgdm9zIGluZm9ybWF0aW9ucyBkZSBjb25uZXhpb24gZXQgdm9zIGNob2l4IGQnYWZmaWNoYWdlIFx1MDBlMCBsJ1x1MDBlOWNyYW4uIExlcyBjb29raWVzIGRlIGNvbm5leGlvbiBvbnQgdW5lIGR1clx1MDBlOWUgZGUgdmllIGRlIGRldXggam91cnMgZXQgbGVzIGNvb2tpZXMgZCdvcHRpb25zIGQnXHUwMGU5Y3JhbiBvbnQgdW5lIGR1clx1MDBlOWUgZGUgdmllIGQndW4gYW4uIFNpIHZvdXMgc1x1MDBlOWxlY3Rpb25uZXogbCdvcHRpb24gXCJTZSBzb3V2ZW5pciBkZSBtb2lcIiwgdm90cmUgY29ubmV4aW9uIHNlcmEgY29uc2Vydlx1MDBlOWUgcGVuZGFudCBkZXV4IHNlbWFpbmVzLiBTaSB2b3VzIHZvdXMgZFx1MDBlOWNvbm5lY3RleiBkZSB2b3RyZSBjb21wdGUsIGxlcyBjb29raWVzIGRlIGNvbm5leGlvbiBzZXJvbnQgc3VwcHJpbVx1MDBlOXMuPFwvcD48cD5TaSB2b3VzIG1vZGlmaWV6IG91IHB1YmxpZXogdW4gYXJ0aWNsZSwgdW4gY29va2llIHN1cHBsXHUwMGU5bWVudGFpcmUgc2VyYSBlbnJlZ2lzdHJcdTAwZTkgZGFucyB2b3RyZSBuYXZpZ2F0ZXVyLiBDZSBjb29raWUgbmUgY29udGllbnQgYXVjdW5lIGRvbm5cdTAwZTllIHBlcnNvbm5lbGxlIGV0IGluZGlxdWUgc2ltcGxlbWVudCBsJ0lEIGRlIGwnYXJ0aWNsZSBxdWUgdm91cyB2ZW5leiBkZSBtb2RpZmllci4gSWwgZXhwaXJlIGF1IGJvdXQgZCd1biBqb3VyLjxcL3A+PGhyIFwvPjxoMj5Db250ZW51IGludFx1MDBlOWdyXHUwMGU5IGQnYXV0cmVzIHNpdGVzIHdlYjxcL2gyPjxwPkxlcyBhcnRpY2xlcyBkZSBjZSBzaXRlIHBldXZlbnQgY29udGVuaXIgZHUgY29udGVudSBpbnRcdTAwZTlnclx1MDBlOSAocGFyIGV4ZW1wbGUgZGVzIHZpZFx1MDBlOW9zLCBkZXMgaW1hZ2VzLCBkZXMgYXJ0aWNsZXMsIGV0Yy4pLiBMZSBjb250ZW51IGludFx1MDBlOWdyXHUwMGU5IHByb3ZlbmFudCBkJ2F1dHJlcyBzaXRlcyB3ZWIgc2UgY29tcG9ydGUgZXhhY3RlbWVudCBkZSBsYSBtXHUwMGVhbWUgbWFuaVx1MDBlOHJlIHF1ZSBzaSBsZSB2aXNpdGV1ciBhdmFpdCB2aXNpdFx1MDBlOSBsJ2F1dHJlIHNpdGUgd2ViLjxcL3A+PHA+Q2VzIHNpdGVzIHdlYiBwZXV2ZW50IGNvbGxlY3RlciBkZXMgZG9ublx1MDBlOWVzIHZvdXMgY29uY2VybmFudCwgdXRpbGlzZXIgZGVzIGNvb2tpZXMsIGludFx1MDBlOWdyZXIgdW4gc3Vpdmkgc3VwcGxcdTAwZTltZW50YWlyZSBwYXIgZGVzIHRpZXJzIGV0IHN1cnZlaWxsZXIgdm90cmUgaW50ZXJhY3Rpb24gYXZlYyBjZSBjb250ZW51IGludFx1MDBlOWdyXHUwMGU5LCB5IGNvbXByaXMgdm90cmUgaW50ZXJhY3Rpb24gYXZlYyBsZSBjb250ZW51IGludFx1MDBlOWdyXHUwMGU5IHNpIHZvdXMgYXZleiB1biBjb21wdGUgZXQgcXVlIHZvdXMgXHUwMGVhdGVzIGNvbm5lY3RcdTAwZTkgXHUwMGUwIGNlIHNpdGUgd2ViLjxcL3A+PGhyIFwvPjxoMj5BdmVjIHF1aSBwYXJ0YWdlb25zLW5vdXMgdm9zIGRvbm5cdTAwZTllcyA\\\/PFwvaDI+PHA+U2kgdm91cyBkZW1hbmRleiB1bmUgclx1MDBlOWluaXRpYWxpc2F0aW9uIGRlIHZvdHJlIG1vdCBkZSBwYXNzZSwgdm90cmUgYWRyZXNzZSBJUCBzZXJhIGluY2x1c2UgZGFucyBsJ2UtbWFpbCBkZSByXHUwMGU5aW5pdGlhbGlzYXRpb24uPFwvcD48aHIgXC8+PGgyPkR1clx1MDBlOWUgZGUgY29uc2VydmF0aW9uIGRlcyBkb25uXHUwMGU5ZXM8XC9oMj48cD5TaSB2b3VzIGxhaXNzZXogdW4gY29tbWVudGFpcmUsIGNlbHVpLWNpIGV0IHNlcyBtXHUwMGU5dGFkb25uXHUwMGU5ZXMgc29udCBjb25zZXJ2XHUwMGU5cyBpbmRcdTAwZTlmaW5pbWVudC4gQ2VsYSBub3VzIHBlcm1ldCBkZSByZWNvbm5hXHUwMGVldHJlIGV0IGQnYXBwcm91dmVyIGF1dG9tYXRpcXVlbWVudCBsZXMgY29tbWVudGFpcmVzIHVsdFx1MDBlOXJpZXVycyBhdSBsaWV1IGRlIGxlcyBjb25zZXJ2ZXIgZGFucyB1bmUgZmlsZSBkJ2F0dGVudGUgZGUgbW9kXHUwMGU5cmF0aW9uLjxcL3A+PHA+UG91ciBsZXMgdXRpbGlzYXRldXJzIHF1aSBzJ2luc2NyaXZlbnQgc3VyIG5vdHJlIHNpdGUgd2ViIChsZSBjYXMgXHUwMGU5Y2hcdTAwZTlhbnQpLCBub3VzIHN0b2Nrb25zIFx1MDBlOWdhbGVtZW50IGxlcyBpbmZvcm1hdGlvbnMgcGVyc29ubmVsbGVzIHF1J2lscyBmb3Vybmlzc2VudCBkYW5zIGxldXIgcHJvZmlsIGQndXRpbGlzYXRldXIuIFRvdXMgbGVzIHV0aWxpc2F0ZXVycyBwZXV2ZW50IHZvaXIsIG1vZGlmaWVyIG91IHN1cHByaW1lciBsZXVycyBpbmZvcm1hdGlvbnMgcGVyc29ubmVsbGVzIFx1MDBlMCB0b3V0IG1vbWVudCAoc2F1ZiBxdSdpbHMgbmUgcGV1dmVudCBwYXMgY2hhbmdlciBsZXVyIG5vbSBkJ3V0aWxpc2F0ZXVyKS4gTGVzIGFkbWluaXN0cmF0ZXVycyBkdSBzaXRlIHdlYiBwZXV2ZW50IFx1MDBlOWdhbGVtZW50IGNvbnN1bHRlciBldCBtb2RpZmllciBjZXMgaW5mb3JtYXRpb25zLjxcL3A+PGhyIFwvPjxoMj5RdWVscyBzb250IHZvcyBkcm9pdHMgc3VyIHZvcyBkb25uXHUwMGU5ZXMgPzxcL2gyPjxwPlNpIHZvdXMgYXZleiB1biBjb21wdGUgc3VyIGNlIHNpdGUgb3Ugc2kgdm91cyBhdmV6IGxhaXNzXHUwMGU5IGRlcyBjb21tZW50YWlyZXMsIHZvdXMgcG91dmV6IGRlbWFuZGVyIFx1MDBlMCByZWNldm9pciB1biBmaWNoaWVyIGV4cG9ydFx1MDBlOSBkZXMgZG9ublx1MDBlOWVzIHBlcnNvbm5lbGxlcyBxdWUgbm91cyBkXHUwMGU5dGVub25zIFx1MDBlMCB2b3RyZSBzdWpldCwgeSBjb21wcmlzIHRvdXRlcyBsZXMgZG9ublx1MDBlOWVzIHF1ZSB2b3VzIG5vdXMgYXZleiBmb3Vybmllcy4gVm91cyBwb3V2ZXogXHUwMGU5Z2FsZW1lbnQgbm91cyBkZW1hbmRlciBkJ2VmZmFjZXIgdG91dGVzIGxlcyBkb25uXHUwMGU5ZXMgcGVyc29ubmVsbGVzIHF1ZSBub3VzIGRcdTAwZTl0ZW5vbnMgXHUwMGUwIHZvdHJlIHN1amV0LiBDZWxhIG4naW5jbHV0IHBhcyBsZXMgZG9ublx1MDBlOWVzIHF1ZSBub3VzIHNvbW1lcyBvYmxpZ1x1MDBlOXMgZGUgY29uc2VydmVyIFx1MDBlMCBkZXMgZmlucyBhZG1pbmlzdHJhdGl2ZXMsIGp1cmlkaXF1ZXMgb3UgZGUgc1x1MDBlOWN1cml0XHUwMGU5LjxcL3A+PGhyIFwvPjxoMj5PXHUwMGY5IHZvcyBkb25uXHUwMGU5ZXMgc29udC1lbGxlcyBlbnZveVx1MDBlOWVzID88XC9oMj48cD5MZXMgY29tbWVudGFpcmVzIGRlcyB2aXNpdGV1cnMgcGV1dmVudCBcdTAwZWF0cmUgdlx1MDBlOXJpZmlcdTAwZTlzIHBhciB1biBzZXJ2aWNlIGF1dG9tYXRpc1x1MDBlOSBkZSBkXHUwMGU5dGVjdGlvbiBkZXMgc3BhbXMuPFwvcD4iLCJkaXNwbGF5X2NvbmRpdGlvbl9saXN0IjpbeyJkaXNwbGF5X2NvbmRpdGlvbl9sb2dpbl9zdGF0dXMiOiJzdWJzY3JpYmVyIiwiX2lkIjoiNGJlOWU5MyJ9XX0sImVsZW1lbnRzIjpbXSwid2lkZ2V0VHlwZSI6InRleHQtZWRpdG9yIn0=\\\"]\\t\\t\\t<\\\/div>\\n\\t\\t\\t\\t<\\\/div>\\n\\t\\t\",\"scripts\":[],\"styles\":[]}}"]},"uagb_featured_image_src":{"full":false,"thumbnail":false,"medium":false,"medium_large":false,"large":false,"1536x1536":false,"2048x2048":false,"trp-custom-language-flag":false},"uagb_author_info":{"display_name":"zadmin","author_link":"https:\/\/zenvisit.org\/en\/author\/zadmin\/"},"uagb_comment_info":0,"uagb_excerpt":"Qui sommes-nous ? L&rsquo;adresse de notre site web est : http:\/\/zenvisit.org. Participation \u00e0 des programmes d\u2019affiliation Ce site participe \u00e0 des programmes d\u2019affiliation qui permettent de percevoir une r\u00e9mun\u00e9ration gr\u00e2ce \u00e0 des liens vers des produits et services propos\u00e9s par des partenaires affili\u00e9s. Dans le cadre de ces programmes, des cookies tiers peuvent \u00eatre utilis\u00e9s&hellip;","_links":{"self":[{"href":"https:\/\/zenvisit.org\/en\/wp-json\/wp\/v2\/pages\/1188","targetHints":{"allow":["GET"]}}],"collection":[{"href":"https:\/\/zenvisit.org\/en\/wp-json\/wp\/v2\/pages"}],"about":[{"href":"https:\/\/zenvisit.org\/en\/wp-json\/wp\/v2\/types\/page"}],"author":[{"embeddable":true,"href":"https:\/\/zenvisit.org\/en\/wp-json\/wp\/v2\/users\/1"}],"replies":[{"embeddable":true,"href":"https:\/\/zenvisit.org\/en\/wp-json\/wp\/v2\/comments?post=1188"}],"version-history":[{"count":15,"href":"https:\/\/zenvisit.org\/en\/wp-json\/wp\/v2\/pages\/1188\/revisions"}],"predecessor-version":[{"id":3128,"href":"https:\/\/zenvisit.org\/en\/wp-json\/wp\/v2\/pages\/1188\/revisions\/3128"}],"wp:attachment":[{"href":"https:\/\/zenvisit.org\/en\/wp-json\/wp\/v2\/media?parent=1188"}],"curies":[{"name":"wp","href":"https:\/\/api.w.org\/{rel}","templated":true}]}}