{"id":3046,"date":"2024-12-08T18:38:09","date_gmt":"2024-12-08T17:38:09","guid":{"rendered":"https:\/\/zenvisit.org\/?page_id=3046"},"modified":"2025-02-28T17:06:06","modified_gmt":"2025-02-28T16:06:06","slug":"rechtliche-hinweise","status":"publish","type":"page","link":"https:\/\/zenvisit.org\/de\/rechtliche-hinweise\/","title":{"rendered":"Rechtliche Hinweise"},"content":{"rendered":"<div data-elementor-type=\"wp-page\" data-elementor-id=\"3046\" class=\"elementor elementor-3046\" data-elementor-post-type=\"page\">\n\t\t\t\t<div class=\"has_eae_slider elementor-element elementor-element-f494a2c e-flex e-con-boxed e-con e-parent\" data-eae-slider=\"94094\" data-id=\"f494a2c\" data-element_type=\"container\" data-e-type=\"container\">\n\t\t\t\t\t<div class=\"e-con-inner\">\n\t\t\t\t<div class=\"elementor-element elementor-element-075ef37 elementor-widget elementor-widget-text-editor\" data-id=\"075ef37\" data-element_type=\"widget\" data-e-type=\"widget\" data-widget_type=\"text-editor.default\">\n\t\t\t\t<div class=\"elementor-widget-container\">\n\t\t\t\t\t\t\t\t\t<div>\n<h1>Rechtliche Hinweise<\/h1>\nGem\u00e4\u00df dem Gesetz f\u00fcr Vertrauen in die digitale Wirtschaft (LCEN) und der Allgemeinen Datenschutzverordnung (RGPD) sind folgende Informationen \u00fcber die Website obligatorisch <strong>zenvisit.org<\/strong>.\n<h2>Herausgeber der Seite<\/h2>\n<ul>\n \t<li><strong>Name der Gesellschaft :<\/strong>\u00a0MagnHome SAS<\/li>\n \t<li><strong>Hauptsitz : <\/strong>16 rue saint-Saens, 77300 Fontainebleau<\/li>\n \t<li><strong>Stammkapital :<\/strong> 10 000 \u20ac<\/li>\n \t<li><strong>RCS-Nummer :<\/strong>\u00a0R.C.S. 980 147 573 Melun<\/li>\n \t<li><strong>Verantwortlich f\u00fcr die Ver\u00f6ffentlichung :<\/strong> Emmanuel Parrou<\/li>\n \t<li><strong>Kontaktadresse :<\/strong>\u00a0<a href=\"https:\/\/zenvisit.org\/de\/us-kontakt\/\">https:\/\/zenvisit.org\/contact-us\/<\/a><\/li>\n<\/ul>\n<h2>Unterkunft<\/h2>\n<ul>\n \t<li><strong>Hosting :<\/strong> Hostinger International Ltd.<\/li>\n \t<li><strong>Adresse:<\/strong> 61 Lordou Vironos Street, 6023 Larnaca, Zypern<\/li>\n \t<li><strong>Website :<\/strong> <a href=\"https:\/\/www.hostinger.fr\" target=\"_blank\" rel=\"noopener\">https:\/\/www.hostinger.fr<\/a><\/li>\n \t<li><strong>Kontakt:<\/strong> <a href=\"mailto:support@hostinger.com\">support@hostinger.com<\/a><\/li>\n<\/ul>\n<h2>Schutz von pers\u00f6nlichen Daten<\/h2>\nDie auf dieser Website gesammelten Informationen werden gem\u00e4\u00df der Allgemeinen Datenschutzverordnung (DSGVO) verarbeitet. Sie haben das Recht, auf Ihre personenbezogenen Daten zuzugreifen, sie zu \u00e4ndern oder zu l\u00f6schen, indem Sie uns unter der folgenden Adresse kontaktieren: <a href=\"mailto:emmanuel@magnhome.fr\">emmanuel@magnhome.fr<\/a>.\n\nWeitere Informationen finden Sie in unserem <a href=\"https:\/\/zenvisit.org\/de\/datenschutzrichtlinie\/\" target=\"_blank\" rel=\"noopener\">Datenschutzrichtlinie<\/a>.\n<h2>Geistiges Eigentum<\/h2>\nAlle Inhalte auf dieser Website (Texte, Bilder, Grafiken, Logos usw.) sind urheberrechtlich gesch\u00fctzt. Jede Vervielf\u00e4ltigung oder Nutzung ohne vorherige Genehmigung ist untersagt, sofern nicht ausdr\u00fccklich etwas anderes angegeben ist.\n<h2>Verantwortung<\/h2>\nMagnhome SAS haftet nicht f\u00fcr direkte oder indirekte Sch\u00e4den, die mit der Nutzung der Website oder der darin enthaltenen Informationen verbunden sind. Diese Seite kann Links zu fremden Seiten enthalten. Magnhome SAS \u00fcbernimmt keine Verantwortung f\u00fcr den Inhalt dieser externen Seiten.\n<h2>Cookies<\/h2>\nDiese Website verwendet Cookies, um Ihre Nutzererfahrung zu verbessern und f\u00fcr analytische Zwecke. Sie k\u00f6nnen Ihre Cookie-Einstellungen \u00fcber die Einstellungen Ihres Browsers verwalten. Weitere Informationen finden Sie in unserem <a href=\"https:\/\/zenvisit.org\/de\/datenschutzrichtlinie\/\" target=\"_blank\" rel=\"noopener\">Datenschutzrichtlinie<\/a>.\n<h2>Kontakt<\/h2>\nWenn Sie Fragen oder W\u00fcnsche zu diesen rechtlichen Hinweisen haben, k\u00f6nnen Sie uns unter folgender Adresse kontaktieren: https:\/\/zenvisit.org\/contact-us\/\n\n<\/div>\t\t\t\t\t\t\t\t<\/div>\n\t\t\t\t<\/div>\n\t\t\t\t\t<\/div>\n\t\t\t\t<\/div>\n\t\t\t\t<\/div>","protected":false},"excerpt":{"rendered":"<p>Mentions L\u00e9gales Conform\u00e9ment \u00e0 la Loi pour la Confiance dans l&rsquo;\u00c9conomie Num\u00e9rique (LCEN) et au R\u00e8glement G\u00e9n\u00e9ral sur la Protection des Donn\u00e9es (RGPD), voici les informations obligatoires relatives au site zenvisit.org. \u00c9diteur du site D\u00e9nomination sociale :\u00a0MagnHome SAS Si\u00e8ge social : 16 rue saint-Saens, 77300 Fontainebleau Capital social : 10 000 \u20ac Num\u00e9ro RCS :\u00a0R.C.S. [&hellip;]<\/p>\n","protected":false},"author":1,"featured_media":0,"parent":0,"menu_order":0,"comment_status":"closed","ping_status":"closed","template":"","meta":{"_seopress_robots_primary_cat":"","_seopress_titles_title":"Protection des donn\u00e9es : s\u00e9curit\u00e9 & confidentialit\u00e9","_seopress_titles_desc":"D\u00e9couvrez vos droits d'usage, la protection des donn\u00e9es et notre politique de cookies sur ZenVisit. Visitez MagnHome pour plus de d\u00e9tails.","_seopress_robots_index":"","_uag_custom_page_level_css":"","footnotes":""},"class_list":["post-3046","page","type-page","status-publish","hentry"],"spectra_custom_meta":{"_edit_lock":["1740758818:1"],"_edit_last":["1"],"_elementor_edit_mode":["builder"],"_elementor_template_type":["wp-page"],"_elementor_version":["3.27.6"],"_elementor_pro_version":["3.27.4"],"_astra_content_layout_flag":["disabled"],"site-post-title":["disabled"],"ast-title-bar-display":["disabled"],"ast-featured-img":["disabled"],"ast-site-content-layout":["full-width-container"],"site-sidebar-layout":["no-sidebar"],"_wp_page_template":["default"],"_elementor_data":["[{\"id\":\"f494a2c\",\"elType\":\"container\",\"settings\":{\"eae_slider_delay\":\"5000\",\"gradient_color_list\":[{\"eae_animated_gradient_color\":\"#00a6d8\",\"_id\":\"e8544ad\"},{\"eae_animated_gradient_color\":\"#b800c9\",\"_id\":\"411a46b\"},{\"eae_animated_gradient_color\":\"#e57600\",\"_id\":\"b347b83\"}]},\"elements\":[{\"id\":\"075ef37\",\"elType\":\"widget\",\"settings\":{\"editor\":\"<div>\\n<h1>Mentions L\\u00e9gales<\\\/h1>\\nConform\\u00e9ment \\u00e0 la Loi pour la Confiance dans l'\\u00c9conomie Num\\u00e9rique (LCEN) et au R\\u00e8glement G\\u00e9n\\u00e9ral sur la Protection des Donn\\u00e9es (RGPD), voici les informations obligatoires relatives au site <strong>zenvisit.org<\\\/strong>.\\n<h2>\\u00c9diteur du site<\\\/h2>\\n<ul>\\n \\t<li><strong>D\\u00e9nomination sociale :<\\\/strong>\\u00a0MagnHome SAS<\\\/li>\\n \\t<li><strong>Si\\u00e8ge social : <\\\/strong>16 rue saint-Saens, 77300 Fontainebleau<\\\/li>\\n \\t<li><strong>Capital social :<\\\/strong> 10 000 \\u20ac<\\\/li>\\n \\t<li><strong>Num\\u00e9ro RCS :<\\\/strong>\\u00a0R.C.S. 980 147 573 Melun<\\\/li>\\n \\t<li><strong>Responsable de la publication :<\\\/strong> Emmanuel Parrou<\\\/li>\\n \\t<li><strong>Adresse de contact :<\\\/strong>\\u00a0<a href=\\\"https:\\\/\\\/zenvisit.org\\\/contact-us\\\/\\\">https:\\\/\\\/zenvisit.org\\\/contact-us\\\/<\\\/a><\\\/li>\\n<\\\/ul>\\n<h2>H\\u00e9bergement<\\\/h2>\\n<ul>\\n \\t<li><strong>H\\u00e9bergeur :<\\\/strong> Hostinger International Ltd.<\\\/li>\\n \\t<li><strong>Adresse :<\\\/strong> 61 Lordou Vironos Street, 6023 Larnaca, Chypre<\\\/li>\\n \\t<li><strong>Site web :<\\\/strong> <a href=\\\"https:\\\/\\\/www.hostinger.fr\\\" target=\\\"_blank\\\" rel=\\\"noopener\\\">https:\\\/\\\/www.hostinger.fr<\\\/a><\\\/li>\\n \\t<li><strong>Contact :<\\\/strong> <a href=\\\"mailto:support@hostinger.com\\\">support@hostinger.com<\\\/a><\\\/li>\\n<\\\/ul>\\n<h2>Protection des donn\\u00e9es personnelles<\\\/h2>\\nLes informations collect\\u00e9es sur ce site sont trait\\u00e9es conform\\u00e9ment au R\\u00e8glement G\\u00e9n\\u00e9ral sur la Protection des Donn\\u00e9es (RGPD). Vous avez le droit d\\u2019acc\\u00e9der, de modifier ou de supprimer vos donn\\u00e9es personnelles en nous contactant \\u00e0 l\\u2019adresse suivante : <a href=\\\"mailto:emmanuel@magnhome.fr\\\">emmanuel@magnhome.fr<\\\/a>.\\n\\nPour plus d\\u2019informations, consultez notre <a href=\\\"https:\\\/\\\/zenvisit.org\\\/politique-de-confidentialite\\\/\\\" target=\\\"_blank\\\" rel=\\\"noopener\\\">politique de confidentialit\\u00e9<\\\/a>.\\n<h2>Propri\\u00e9t\\u00e9 intellectuelle<\\\/h2>\\nTous les contenus pr\\u00e9sents sur ce site (textes, images, graphismes, logos, etc.) sont prot\\u00e9g\\u00e9s par le droit d\\u2019auteur. Toute reproduction ou utilisation sans autorisation pr\\u00e9alable est interdite, sauf mention contraire explicite.\\n<h2>Responsabilit\\u00e9<\\\/h2>\\nMagnhome SAS ne peut \\u00eatre tenue responsable des dommages directs ou indirects li\\u00e9s \\u00e0 l\\u2019utilisation du site ou des informations qu\\u2019il contient. Ce site peut contenir des liens vers des sites tiers. Magnhome SAS d\\u00e9cline toute responsabilit\\u00e9 concernant le contenu de ces sites externes.\\n<h2>Cookies<\\\/h2>\\nCe site utilise des cookies pour am\\u00e9liorer votre exp\\u00e9rience utilisateur et pour des fins analytiques. Vous pouvez g\\u00e9rer vos pr\\u00e9f\\u00e9rences en mati\\u00e8re de cookies via les param\\u00e8tres de votre navigateur. Pour plus d\\u2019informations, consultez notre <a href=\\\"https:\\\/\\\/zenvisit.org\\\/politique-de-confidentialite\\\/\\\" target=\\\"_blank\\\" rel=\\\"noopener\\\">politique de confidentialit\\u00e9<\\\/a>.\\n<h2>Contact<\\\/h2>\\nPour toute question ou demande relative \\u00e0 ces mentions l\\u00e9gales, vous pouvez nous contacter \\u00e0 : https:\\\/\\\/zenvisit.org\\\/contact-us\\\/\\n\\n<\\\/div>\"},\"elements\":[],\"widgetType\":\"text-editor\"}],\"isInner\":false}]"],"_seopress_titles_title":["Protection des donn\u00e9es : s\u00e9curit\u00e9 & confidentialit\u00e9"],"_seopress_titles_desc":["D\u00e9couvrez vos droits d'usage, la protection des donn\u00e9es et notre politique de cookies sur ZenVisit. Visitez MagnHome pour plus de d\u00e9tails."],"_seopress_analysis_target_kw":[""],"_seopress_content_analysis_api":["a:3:{s:14:\"internal_links\";i:0;s:14:\"outbound_links\";i:4;s:5:\"score\";s:4:\"high\";}"],"_elementor_page_settings":["a:1:{s:10:\"hide_title\";s:3:\"yes\";}"],"_elementor_controls_usage":["a:2:{s:11:\"text-editor\";a:3:{s:5:\"count\";i:1;s:15:\"control_percent\";i:0;s:8:\"controls\";a:1:{s:7:\"content\";a:1:{s:14:\"section_editor\";a:1:{s:6:\"editor\";i:1;}}}}s:9:\"container\";a:3:{s:5:\"count\";i:1;s:15:\"control_percent\";i:0;s:8:\"controls\";a:1:{s:7:\"content\";a:1:{s:21:\"eae_animated_gradient\";a:1:{s:19:\"gradient_color_list\";i:1;}}}}}"],"_uag_css_file_name":["uag-css-3046.css"],"_uag_page_assets":["a:9:{s:3:\"css\";s:263:\".uag-blocks-common-selector{z-index:var(--z-index-desktop) !important}@media (max-width: 976px){.uag-blocks-common-selector{z-index:var(--z-index-tablet) !important}}@media (max-width: 767px){.uag-blocks-common-selector{z-index:var(--z-index-mobile) !important}}\n\";s:2:\"js\";s:0:\"\";s:18:\"current_block_list\";a:7:{i:0;s:11:\"core\/search\";i:1;s:10:\"core\/group\";i:2;s:12:\"core\/heading\";i:3;s:17:\"core\/latest-posts\";i:4;s:20:\"core\/latest-comments\";i:5;s:13:\"core\/archives\";i:6;s:15:\"core\/categories\";}s:8:\"uag_flag\";b:0;s:11:\"uag_version\";s:10:\"1774979465\";s:6:\"gfonts\";a:1:{s:7:\"Default\";a:2:{s:10:\"fontfamily\";s:7:\"Default\";s:12:\"fontvariants\";a:0:{}}}s:10:\"gfonts_url\";s:71:\"\/\/fonts.googleapis.com\/css?family=Default&subset=latin&display=fallback\";s:12:\"gfonts_files\";a:0:{}s:14:\"uag_faq_layout\";b:0;}"],"_elementor_page_assets":["a:1:{s:7:\"scripts\";a:1:{i:0;s:18:\"elementor-frontend\";}}"],"_elementor_css":["a:7:{s:4:\"time\";i:1775500247;s:5:\"fonts\";a:0:{}s:5:\"icons\";a:0:{}s:20:\"dynamic_elements_ids\";a:0:{}s:6:\"status\";s:6:\"inline\";i:0;s:0:\"\";s:3:\"css\";s:110:\".elementor-3046 .elementor-element.elementor-element-f494a2c{--display:flex;}:root{--page-title-display:none;}\";}"],"_elementor_element_cache":["{\"timeout\":1775593847,\"value\":{\"content\":\"<div class=\\\"has_eae_slider elementor-element elementor-element-f494a2c e-flex e-con-boxed e-con e-parent\\\" data-eae-slider=\\\"94094\\\" data-id=\\\"f494a2c\\\" data-element_type=\\\"container\\\" data-e-type=\\\"container\\\">\\n\\t\\t\\t\\t\\t<div class=\\\"e-con-inner\\\">\\n\\t\\t[elementor-element k=\\\"6e3c8471fe9bf405b3f799d12097d083\\\" data=\\\"eyJpZCI6IjA3NWVmMzciLCJlbFR5cGUiOiJ3aWRnZXQiLCJzZXR0aW5ncyI6eyJlZGl0b3IiOiI8ZGl2PlxuPGgxPk1lbnRpb25zIExcdTAwZTlnYWxlczxcL2gxPlxuQ29uZm9ybVx1MDBlOW1lbnQgXHUwMGUwIGxhIExvaSBwb3VyIGxhIENvbmZpYW5jZSBkYW5zIGwnXHUwMGM5Y29ub21pZSBOdW1cdTAwZTlyaXF1ZSAoTENFTikgZXQgYXUgUlx1MDBlOGdsZW1lbnQgR1x1MDBlOW5cdTAwZTlyYWwgc3VyIGxhIFByb3RlY3Rpb24gZGVzIERvbm5cdTAwZTllcyAoUkdQRCksIHZvaWNpIGxlcyBpbmZvcm1hdGlvbnMgb2JsaWdhdG9pcmVzIHJlbGF0aXZlcyBhdSBzaXRlIDxzdHJvbmc+emVudmlzaXQub3JnPFwvc3Ryb25nPi5cbjxoMj5cdTAwYzlkaXRldXIgZHUgc2l0ZTxcL2gyPlxuPHVsPlxuIFx0PGxpPjxzdHJvbmc+RFx1MDBlOW5vbWluYXRpb24gc29jaWFsZSA6PFwvc3Ryb25nPlx1MDBhME1hZ25Ib21lIFNBUzxcL2xpPlxuIFx0PGxpPjxzdHJvbmc+U2lcdTAwZThnZSBzb2NpYWwgOiA8XC9zdHJvbmc+MTYgcnVlIHNhaW50LVNhZW5zLCA3NzMwMCBGb250YWluZWJsZWF1PFwvbGk+XG4gXHQ8bGk+PHN0cm9uZz5DYXBpdGFsIHNvY2lhbCA6PFwvc3Ryb25nPiAxMCAwMDAgXHUyMGFjPFwvbGk+XG4gXHQ8bGk+PHN0cm9uZz5OdW1cdTAwZTlybyBSQ1MgOjxcL3N0cm9uZz5cdTAwYTBSLkMuUy4gOTgwIDE0NyA1NzMgTWVsdW48XC9saT5cbiBcdDxsaT48c3Ryb25nPlJlc3BvbnNhYmxlIGRlIGxhIHB1YmxpY2F0aW9uIDo8XC9zdHJvbmc+IEVtbWFudWVsIFBhcnJvdTxcL2xpPlxuIFx0PGxpPjxzdHJvbmc+QWRyZXNzZSBkZSBjb250YWN0IDo8XC9zdHJvbmc+XHUwMGEwPGEgaHJlZj1cImh0dHBzOlwvXC96ZW52aXNpdC5vcmdcL2NvbnRhY3QtdXNcL1wiPmh0dHBzOlwvXC96ZW52aXNpdC5vcmdcL2NvbnRhY3QtdXNcLzxcL2E+PFwvbGk+XG48XC91bD5cbjxoMj5IXHUwMGU5YmVyZ2VtZW50PFwvaDI+XG48dWw+XG4gXHQ8bGk+PHN0cm9uZz5IXHUwMGU5YmVyZ2V1ciA6PFwvc3Ryb25nPiBIb3N0aW5nZXIgSW50ZXJuYXRpb25hbCBMdGQuPFwvbGk+XG4gXHQ8bGk+PHN0cm9uZz5BZHJlc3NlIDo8XC9zdHJvbmc+IDYxIExvcmRvdSBWaXJvbm9zIFN0cmVldCwgNjAyMyBMYXJuYWNhLCBDaHlwcmU8XC9saT5cbiBcdDxsaT48c3Ryb25nPlNpdGUgd2ViIDo8XC9zdHJvbmc+IDxhIGhyZWY9XCJodHRwczpcL1wvd3d3Lmhvc3Rpbmdlci5mclwiIHRhcmdldD1cIl9ibGFua1wiIHJlbD1cIm5vb3BlbmVyXCI+aHR0cHM6XC9cL3d3dy5ob3N0aW5nZXIuZnI8XC9hPjxcL2xpPlxuIFx0PGxpPjxzdHJvbmc+Q29udGFjdCA6PFwvc3Ryb25nPiA8YSBocmVmPVwibWFpbHRvOnN1cHBvcnRAaG9zdGluZ2VyLmNvbVwiPnN1cHBvcnRAaG9zdGluZ2VyLmNvbTxcL2E+PFwvbGk+XG48XC91bD5cbjxoMj5Qcm90ZWN0aW9uIGRlcyBkb25uXHUwMGU5ZXMgcGVyc29ubmVsbGVzPFwvaDI+XG5MZXMgaW5mb3JtYXRpb25zIGNvbGxlY3RcdTAwZTllcyBzdXIgY2Ugc2l0ZSBzb250IHRyYWl0XHUwMGU5ZXMgY29uZm9ybVx1MDBlOW1lbnQgYXUgUlx1MDBlOGdsZW1lbnQgR1x1MDBlOW5cdTAwZTlyYWwgc3VyIGxhIFByb3RlY3Rpb24gZGVzIERvbm5cdTAwZTllcyAoUkdQRCkuIFZvdXMgYXZleiBsZSBkcm9pdCBkXHUyMDE5YWNjXHUwMGU5ZGVyLCBkZSBtb2RpZmllciBvdSBkZSBzdXBwcmltZXIgdm9zIGRvbm5cdTAwZTllcyBwZXJzb25uZWxsZXMgZW4gbm91cyBjb250YWN0YW50IFx1MDBlMCBsXHUyMDE5YWRyZXNzZSBzdWl2YW50ZSA6IDxhIGhyZWY9XCJtYWlsdG86ZW1tYW51ZWxAbWFnbmhvbWUuZnJcIj5lbW1hbnVlbEBtYWduaG9tZS5mcjxcL2E+LlxuXG5Qb3VyIHBsdXMgZFx1MjAxOWluZm9ybWF0aW9ucywgY29uc3VsdGV6IG5vdHJlIDxhIGhyZWY9XCJodHRwczpcL1wvemVudmlzaXQub3JnXC9wb2xpdGlxdWUtZGUtY29uZmlkZW50aWFsaXRlXC9cIiB0YXJnZXQ9XCJfYmxhbmtcIiByZWw9XCJub29wZW5lclwiPnBvbGl0aXF1ZSBkZSBjb25maWRlbnRpYWxpdFx1MDBlOTxcL2E+LlxuPGgyPlByb3ByaVx1MDBlOXRcdTAwZTkgaW50ZWxsZWN0dWVsbGU8XC9oMj5cblRvdXMgbGVzIGNvbnRlbnVzIHByXHUwMGU5c2VudHMgc3VyIGNlIHNpdGUgKHRleHRlcywgaW1hZ2VzLCBncmFwaGlzbWVzLCBsb2dvcywgZXRjLikgc29udCBwcm90XHUwMGU5Z1x1MDBlOXMgcGFyIGxlIGRyb2l0IGRcdTIwMTlhdXRldXIuIFRvdXRlIHJlcHJvZHVjdGlvbiBvdSB1dGlsaXNhdGlvbiBzYW5zIGF1dG9yaXNhdGlvbiBwclx1MDBlOWFsYWJsZSBlc3QgaW50ZXJkaXRlLCBzYXVmIG1lbnRpb24gY29udHJhaXJlIGV4cGxpY2l0ZS5cbjxoMj5SZXNwb25zYWJpbGl0XHUwMGU5PFwvaDI+XG5NYWduaG9tZSBTQVMgbmUgcGV1dCBcdTAwZWF0cmUgdGVudWUgcmVzcG9uc2FibGUgZGVzIGRvbW1hZ2VzIGRpcmVjdHMgb3UgaW5kaXJlY3RzIGxpXHUwMGU5cyBcdTAwZTAgbFx1MjAxOXV0aWxpc2F0aW9uIGR1IHNpdGUgb3UgZGVzIGluZm9ybWF0aW9ucyBxdVx1MjAxOWlsIGNvbnRpZW50LiBDZSBzaXRlIHBldXQgY29udGVuaXIgZGVzIGxpZW5zIHZlcnMgZGVzIHNpdGVzIHRpZXJzLiBNYWduaG9tZSBTQVMgZFx1MDBlOWNsaW5lIHRvdXRlIHJlc3BvbnNhYmlsaXRcdTAwZTkgY29uY2VybmFudCBsZSBjb250ZW51IGRlIGNlcyBzaXRlcyBleHRlcm5lcy5cbjxoMj5Db29raWVzPFwvaDI+XG5DZSBzaXRlIHV0aWxpc2UgZGVzIGNvb2tpZXMgcG91ciBhbVx1MDBlOWxpb3JlciB2b3RyZSBleHBcdTAwZTlyaWVuY2UgdXRpbGlzYXRldXIgZXQgcG91ciBkZXMgZmlucyBhbmFseXRpcXVlcy4gVm91cyBwb3V2ZXogZ1x1MDBlOXJlciB2b3MgcHJcdTAwZTlmXHUwMGU5cmVuY2VzIGVuIG1hdGlcdTAwZThyZSBkZSBjb29raWVzIHZpYSBsZXMgcGFyYW1cdTAwZTh0cmVzIGRlIHZvdHJlIG5hdmlnYXRldXIuIFBvdXIgcGx1cyBkXHUyMDE5aW5mb3JtYXRpb25zLCBjb25zdWx0ZXogbm90cmUgPGEgaHJlZj1cImh0dHBzOlwvXC96ZW52aXNpdC5vcmdcL3BvbGl0aXF1ZS1kZS1jb25maWRlbnRpYWxpdGVcL1wiIHRhcmdldD1cIl9ibGFua1wiIHJlbD1cIm5vb3BlbmVyXCI+cG9saXRpcXVlIGRlIGNvbmZpZGVudGlhbGl0XHUwMGU5PFwvYT4uXG48aDI+Q29udGFjdDxcL2gyPlxuUG91ciB0b3V0ZSBxdWVzdGlvbiBvdSBkZW1hbmRlIHJlbGF0aXZlIFx1MDBlMCBjZXMgbWVudGlvbnMgbFx1MDBlOWdhbGVzLCB2b3VzIHBvdXZleiBub3VzIGNvbnRhY3RlciBcdTAwZTAgOiBodHRwczpcL1wvemVudmlzaXQub3JnXC9jb250YWN0LXVzXC9cblxuPFwvZGl2PiJ9LCJlbGVtZW50cyI6W10sIndpZGdldFR5cGUiOiJ0ZXh0LWVkaXRvciJ9\\\"]\\t\\t\\t<\\\/div>\\n\\t\\t\\t\\t<\\\/div>\\n\\t\\t\",\"scripts\":[],\"styles\":[]}}"]},"uagb_featured_image_src":{"full":false,"thumbnail":false,"medium":false,"medium_large":false,"large":false,"1536x1536":false,"2048x2048":false,"trp-custom-language-flag":false},"uagb_author_info":{"display_name":"zadmin","author_link":"https:\/\/zenvisit.org\/de\/author\/zadmin\/"},"uagb_comment_info":0,"uagb_excerpt":"Mentions L\u00e9gales Conform\u00e9ment \u00e0 la Loi pour la Confiance dans l&rsquo;\u00c9conomie Num\u00e9rique (LCEN) et au R\u00e8glement G\u00e9n\u00e9ral sur la Protection des Donn\u00e9es (RGPD), voici les informations obligatoires relatives au site zenvisit.org. \u00c9diteur du site D\u00e9nomination sociale :\u00a0MagnHome SAS Si\u00e8ge social : 16 rue saint-Saens, 77300 Fontainebleau Capital social : 10 000 \u20ac Num\u00e9ro RCS :\u00a0R.C.S.&hellip;","_links":{"self":[{"href":"https:\/\/zenvisit.org\/de\/wp-json\/wp\/v2\/pages\/3046","targetHints":{"allow":["GET"]}}],"collection":[{"href":"https:\/\/zenvisit.org\/de\/wp-json\/wp\/v2\/pages"}],"about":[{"href":"https:\/\/zenvisit.org\/de\/wp-json\/wp\/v2\/types\/page"}],"author":[{"embeddable":true,"href":"https:\/\/zenvisit.org\/de\/wp-json\/wp\/v2\/users\/1"}],"replies":[{"embeddable":true,"href":"https:\/\/zenvisit.org\/de\/wp-json\/wp\/v2\/comments?post=3046"}],"version-history":[{"count":10,"href":"https:\/\/zenvisit.org\/de\/wp-json\/wp\/v2\/pages\/3046\/revisions"}],"predecessor-version":[{"id":3124,"href":"https:\/\/zenvisit.org\/de\/wp-json\/wp\/v2\/pages\/3046\/revisions\/3124"}],"wp:attachment":[{"href":"https:\/\/zenvisit.org\/de\/wp-json\/wp\/v2\/media?parent=3046"}],"curies":[{"name":"wp","href":"https:\/\/api.w.org\/{rel}","templated":true}]}}